{"id":420,"date":"2024-06-13T12:11:47","date_gmt":"2024-06-13T12:11:47","guid":{"rendered":"http:\/\/www.pfccostadelsol.com\/?page_id=420"},"modified":"2026-04-24T01:26:00","modified_gmt":"2026-04-23T23:26:00","slug":"contacto","status":"publish","type":"page","link":"https:\/\/www.pfccostadelsol.com\/en\/contacto\/","title":{"rendered":"Contact"},"content":{"rendered":"\t\t<div data-elementor-type=\"wp-page\" data-elementor-id=\"420\" class=\"elementor elementor-420\" data-elementor-post-type=\"page\">\n\t\t\t\t<div class=\"elementor-element elementor-element-5236858 e-flex e-con-boxed e-con e-parent\" data-id=\"5236858\" data-element_type=\"container\" data-e-type=\"container\" data-settings=\"{&quot;background_background&quot;:&quot;classic&quot;}\">\n\t\t\t\t\t<div class=\"e-con-inner\">\n\t\t\t\t<div class=\"elementor-element elementor-element-bc3b43c elementor-widget elementor-widget-heading\" data-id=\"bc3b43c\" data-element_type=\"widget\" data-e-type=\"widget\" data-widget_type=\"heading.default\">\n\t\t\t\t<div class=\"elementor-widget-container\">\n\t\t\t\t\t<h2 class=\"elementor-heading-title elementor-size-default\">CONTACTo<\/h2>\t\t\t\t<\/div>\n\t\t\t\t<\/div>\n\t\t\t\t\t<\/div>\n\t\t\t\t<\/div>\n\t\t<div class=\"elementor-element elementor-element-f9bb1b5 e-flex e-con-boxed e-con e-parent\" data-id=\"f9bb1b5\" data-element_type=\"container\" data-e-type=\"container\">\n\t\t\t\t\t<div class=\"e-con-inner\">\n\t\t<div class=\"elementor-element elementor-element-2af4b08 e-con-full e-flex e-con e-child\" data-id=\"2af4b08\" data-element_type=\"container\" data-e-type=\"container\">\n\t\t\t\t<div class=\"elementor-element elementor-element-de2d03a elementor-widget__width-inherit elementor-widget-tablet__width-initial elementor-widget elementor-widget-heading\" data-id=\"de2d03a\" data-element_type=\"widget\" data-e-type=\"widget\" data-widget_type=\"heading.default\">\n\t\t\t\t<div class=\"elementor-widget-container\">\n\t\t\t\t\t<h2 class=\"elementor-heading-title elementor-size-default\">Contacto.<\/h2>\t\t\t\t<\/div>\n\t\t\t\t<\/div>\n\t\t\t\t<\/div>\n\t\t<div class=\"elementor-element elementor-element-b6879f4 e-con-full e-flex e-con e-child\" data-id=\"b6879f4\" data-element_type=\"container\" data-e-type=\"container\">\n\t\t<div class=\"elementor-element elementor-element-9426a43 e-con-full e-flex e-con e-child\" data-id=\"9426a43\" data-element_type=\"container\" data-e-type=\"container\">\n\t\t\t\t<div class=\"elementor-element elementor-element-494dae4 elementor-widget elementor-widget-text-editor\" data-id=\"494dae4\" data-element_type=\"widget\" data-e-type=\"widget\" data-widget_type=\"text-editor.default\">\n\t\t\t\t<div class=\"elementor-widget-container\">\n\t\t\t\t\t\t\t\t\t<p><strong>Oficina<\/strong><br \/>Carretera C\u00e1rtama-Co\u00edn KM 3,5, C\u00e1rtama, M\u00e1laga<br \/>29602 C\u00e1rtama, M\u00e1laga.<\/p>\t\t\t\t\t\t\t\t<\/div>\n\t\t\t\t<\/div>\n\t\t\t\t<\/div>\n\t\t<div class=\"elementor-element elementor-element-7b9487b e-con-full e-flex e-con e-child\" data-id=\"7b9487b\" data-element_type=\"container\" data-e-type=\"container\" data-settings=\"{&quot;background_background&quot;:&quot;classic&quot;}\">\n\t\t\t\t<div class=\"elementor-element elementor-element-83c3c1d elementor-button-align-start elementor-laptop-button-align-center elementor-tablet-button-align-center elementor-widget elementor-widget-form\" data-id=\"83c3c1d\" data-element_type=\"widget\" data-e-type=\"widget\" data-settings=\"{&quot;step_next_label&quot;:&quot;Siguiente&quot;,&quot;step_previous_label&quot;:&quot;Anterior&quot;,&quot;button_width&quot;:&quot;100&quot;,&quot;step_type&quot;:&quot;number_text&quot;,&quot;step_icon_shape&quot;:&quot;circle&quot;}\" data-widget_type=\"form.default\">\n\t\t\t\t<div class=\"elementor-widget-container\">\n\t\t\t\t\t\t\t<form class=\"elementor-form\" method=\"post\" name=\"Contacto PFC Costa del Sol\" aria-label=\"Contacto PFC Costa del Sol\">\n\t\t\t<input type=\"hidden\" name=\"post_id\" value=\"420\"\/>\n\t\t\t<input type=\"hidden\" name=\"form_id\" value=\"83c3c1d\"\/>\n\t\t\t<input type=\"hidden\" name=\"referer_title\" value=\"Contacto - PFC Costa del Sol\" \/>\n\n\t\t\t\t\t\t\t<input type=\"hidden\" name=\"queried_id\" value=\"420\"\/>\n\t\t\t\n\t\t\t<div class=\"elementor-form-fields-wrapper elementor-labels-\">\n\t\t\t\t\t\t\t\t<div class=\"elementor-field-type-text elementor-field-group elementor-column elementor-field-group-name elementor-col-50\">\n\t\t\t\t\t\t\t\t\t\t\t\t<label for=\"form-field-name\" class=\"elementor-field-label elementor-screen-only\">\n\t\t\t\t\t\t\t\tNombre\t\t\t\t\t\t\t<\/label>\n\t\t\t\t\t\t\t\t\t\t\t\t\t\t<input size=\"1\" type=\"text\" name=\"form_fields[name]\" id=\"form-field-name\" class=\"elementor-field elementor-size-sm  elementor-field-textual\" placeholder=\"Nombre\">\n\t\t\t\t\t\t\t\t\t\t\t<\/div>\n\t\t\t\t\t\t\t\t<div class=\"elementor-field-type-text elementor-field-group elementor-column elementor-field-group-field_0961697 elementor-col-50\">\n\t\t\t\t\t\t\t\t\t\t\t\t<label for=\"form-field-field_0961697\" class=\"elementor-field-label elementor-screen-only\">\n\t\t\t\t\t\t\t\tApellidos\t\t\t\t\t\t\t<\/label>\n\t\t\t\t\t\t\t\t\t\t\t\t\t\t<input size=\"1\" type=\"text\" name=\"form_fields[field_0961697]\" id=\"form-field-field_0961697\" class=\"elementor-field elementor-size-sm  elementor-field-textual\" placeholder=\"Apellidos\">\n\t\t\t\t\t\t\t\t\t\t\t<\/div>\n\t\t\t\t\t\t\t\t<div class=\"elementor-field-type-email elementor-field-group elementor-column elementor-field-group-email elementor-col-50 elementor-field-required\">\n\t\t\t\t\t\t\t\t\t\t\t\t<label for=\"form-field-email\" class=\"elementor-field-label elementor-screen-only\">\n\t\t\t\t\t\t\t\tEmail\t\t\t\t\t\t\t<\/label>\n\t\t\t\t\t\t\t\t\t\t\t\t\t\t<input size=\"1\" type=\"email\" name=\"form_fields[email]\" id=\"form-field-email\" class=\"elementor-field elementor-size-sm  elementor-field-textual\" placeholder=\"Email\" required=\"required\">\n\t\t\t\t\t\t\t\t\t\t\t<\/div>\n\t\t\t\t\t\t\t\t<div class=\"elementor-field-type-tel elementor-field-group elementor-column elementor-field-group-field_141a939 elementor-col-50 elementor-field-required\">\n\t\t\t\t\t\t\t\t\t\t\t\t<label for=\"form-field-field_141a939\" class=\"elementor-field-label elementor-screen-only\">\n\t\t\t\t\t\t\t\tTel\u00e9fono\t\t\t\t\t\t\t<\/label>\n\t\t\t\t\t\t\t\t<input size=\"1\" type=\"tel\" name=\"form_fields[field_141a939]\" id=\"form-field-field_141a939\" class=\"elementor-field elementor-size-sm  elementor-field-textual\" placeholder=\"Tel\u00e9fono\" required=\"required\" pattern=\"[0-9()#&amp;+*-=.]+\" title=\"Only numbers and phone characters (#, -, *, etc) are accepted.\">\n\n\t\t\t\t\t\t<\/div>\n\t\t\t\t\t\t\t\t<div class=\"elementor-field-type-select elementor-field-group elementor-column elementor-field-group-field_c5dc422 elementor-col-100 elementor-field-required\">\n\t\t\t\t\t\t\t\t\t\t\t\t<label for=\"form-field-field_c5dc422\" class=\"elementor-field-label elementor-screen-only\">\n\t\t\t\t\t\t\t\tSeleccionar\t\t\t\t\t\t\t<\/label>\n\t\t\t\t\t\t\t\t<div class=\"elementor-field elementor-select-wrapper remove-before \">\n\t\t\t<div class=\"select-caret-down-wrapper\">\n\t\t\t\t<svg aria-hidden=\"true\" class=\"e-font-icon-svg e-eicon-caret-down\" viewBox=\"0 0 571.4 571.4\" xmlns=\"http:\/\/www.w3.org\/2000\/svg\"><path d=\"M571 393Q571 407 561 418L311 668Q300 679 286 679T261 668L11 418Q0 407 0 393T11 368 36 357H536Q550 357 561 368T571 393Z\"><\/path><\/svg>\t\t\t<\/div>\n\t\t\t<select name=\"form_fields[field_c5dc422]\" id=\"form-field-field_c5dc422\" class=\"elementor-field-textual elementor-size-sm\" required=\"required\">\n\t\t\t\t\t\t\t\t\t<option value=\"PFC Winter Cup\">PFC Winter Cup<\/option>\n\t\t\t\t\t\t\t\t\t<option value=\"Eventos\">Eventos<\/option>\n\t\t\t\t\t\t\t\t\t<option value=\"Campus de entrenamiento\">Campus de entrenamiento<\/option>\n\t\t\t\t\t\t\t\t\t<option value=\"Informaci\u00f3n\">Informaci\u00f3n<\/option>\n\t\t\t\t\t\t\t<\/select>\n\t\t<\/div>\n\t\t\t\t\t\t<\/div>\n\t\t\t\t\t\t\t\t<div class=\"elementor-field-type-textarea elementor-field-group elementor-column elementor-field-group-message elementor-col-100\">\n\t\t\t\t\t\t\t\t\t\t\t\t<label for=\"form-field-message\" class=\"elementor-field-label elementor-screen-only\">\n\t\t\t\t\t\t\t\tMensaje\t\t\t\t\t\t\t<\/label>\n\t\t\t\t\t\t<textarea class=\"elementor-field-textual elementor-field  elementor-size-sm\" name=\"form_fields[message]\" id=\"form-field-message\" rows=\"9\" placeholder=\"Mensaje\"><\/textarea>\t\t\t\t<\/div>\n\t\t\t\t\t\t\t\t<div class=\"elementor-field-type-recaptcha_v3 elementor-field-group elementor-column elementor-field-group-field_e949c05 elementor-col-100 recaptcha_v3-bottomright\">\n\t\t\t\t\t<div class=\"elementor-field\" id=\"form-field-field_e949c05\"><div class=\"elementor-g-recaptcha\" data-sitekey=\"6Ld39mQqAAAAAPsGXJDh7HsjyiUIFU9eAjOs2tf8\" data-type=\"v3\" data-action=\"Form\" data-badge=\"bottomright\" data-size=\"invisible\"><\/div><\/div>\t\t\t\t<\/div>\n\t\t\t\t\t\t\t\t<div class=\"elementor-field-group elementor-column elementor-field-type-submit elementor-col-100 e-form__buttons\">\n\t\t\t\t\t<button class=\"elementor-button elementor-size-sm\" type=\"submit\">\n\t\t\t\t\t\t<span class=\"elementor-button-content-wrapper\">\n\t\t\t\t\t\t\t\t\t\t\t\t\t\t\t\t\t\t\t\t\t\t<span class=\"elementor-button-text\">Enviar<\/span>\n\t\t\t\t\t\t\t\t\t\t\t\t\t<\/span>\n\t\t\t\t\t<\/button>\n\t\t\t\t<\/div>\n\t\t\t<\/div>\n\t\t<\/form>\n\t\t\t\t\t\t<\/div>\n\t\t\t\t<\/div>\n\t\t\t\t<\/div>\n\t\t\t\t<\/div>\n\t\t\t\t\t<\/div>\n\t\t\t\t<\/div>\n\t\t\t\t<\/div>\n\t\t","protected":false},"excerpt":{"rendered":"<p>CONTACTo Contacto. OficinaCarretera C\u00e1rtama-Co\u00edn KM 3,5, C\u00e1rtama, M\u00e1laga29602 C\u00e1rtama, M\u00e1laga.<\/p>","protected":false},"author":2,"featured_media":0,"parent":0,"menu_order":0,"comment_status":"closed","ping_status":"closed","template":"","meta":{"footnotes":""},"class_list":["post-420","page","type-page","status-publish","hentry"],"yoast_head":"<!-- This site is optimized with the Yoast SEO plugin v27.5 - https:\/\/yoast.com\/product\/yoast-seo-wordpress\/ -->\n<title>Contacto - PFC Costa del Sol<\/title>\n<meta name=\"robots\" content=\"index, follow, max-snippet:-1, max-image-preview:large, max-video-preview:-1\" \/>\n<link rel=\"canonical\" href=\"https:\/\/www.pfccostadelsol.com\/en\/contacto\/\" \/>\n<meta property=\"og:locale\" content=\"en_GB\" \/>\n<meta property=\"og:type\" content=\"article\" \/>\n<meta property=\"og:title\" content=\"Contacto - PFC Costa del Sol\" \/>\n<meta property=\"og:description\" content=\"CONTACTo Contacto. OficinaCarretera C\u00e1rtama-Co\u00edn KM 3,5, C\u00e1rtama, M\u00e1laga29602 C\u00e1rtama, M\u00e1laga.\" \/>\n<meta property=\"og:url\" content=\"https:\/\/www.pfccostadelsol.com\/en\/contacto\/\" \/>\n<meta property=\"og:site_name\" content=\"PFC Costa del Sol\" \/>\n<meta property=\"article:modified_time\" content=\"2026-04-23T23:26:00+00:00\" \/>\n<meta name=\"twitter:card\" content=\"summary_large_image\" \/>\n<meta name=\"twitter:label1\" content=\"Estimated reading time\" \/>\n\t<meta name=\"twitter:data1\" content=\"1 minute\" \/>\n<script type=\"application\/ld+json\" class=\"yoast-schema-graph\">{\"@context\":\"https:\\\/\\\/schema.org\",\"@graph\":[{\"@type\":\"WebPage\",\"@id\":\"https:\\\/\\\/www.pfccostadelsol.com\\\/contacto\\\/\",\"url\":\"https:\\\/\\\/www.pfccostadelsol.com\\\/contacto\\\/\",\"name\":\"Contacto - PFC Costa del Sol\",\"isPartOf\":{\"@id\":\"https:\\\/\\\/www.pfccostadelsol.com\\\/#website\"},\"datePublished\":\"2024-06-13T12:11:47+00:00\",\"dateModified\":\"2026-04-23T23:26:00+00:00\",\"breadcrumb\":{\"@id\":\"https:\\\/\\\/www.pfccostadelsol.com\\\/contacto\\\/#breadcrumb\"},\"inLanguage\":\"en-GB\",\"potentialAction\":[{\"@type\":\"ReadAction\",\"target\":[\"https:\\\/\\\/www.pfccostadelsol.com\\\/contacto\\\/\"]}]},{\"@type\":\"BreadcrumbList\",\"@id\":\"https:\\\/\\\/www.pfccostadelsol.com\\\/contacto\\\/#breadcrumb\",\"itemListElement\":[{\"@type\":\"ListItem\",\"position\":1,\"name\":\"Portada\",\"item\":\"https:\\\/\\\/www.pfccostadelsol.com\\\/\"},{\"@type\":\"ListItem\",\"position\":2,\"name\":\"Contacto\"}]},{\"@type\":\"WebSite\",\"@id\":\"https:\\\/\\\/www.pfccostadelsol.com\\\/#website\",\"url\":\"https:\\\/\\\/www.pfccostadelsol.com\\\/\",\"name\":\"PFC Costa del Sol\",\"description\":\"El mejor f\u00fatbol en la Costa del Sol\",\"publisher\":{\"@id\":\"https:\\\/\\\/www.pfccostadelsol.com\\\/#organization\"},\"potentialAction\":[{\"@type\":\"SearchAction\",\"target\":{\"@type\":\"EntryPoint\",\"urlTemplate\":\"https:\\\/\\\/www.pfccostadelsol.com\\\/?s={search_term_string}\"},\"query-input\":{\"@type\":\"PropertyValueSpecification\",\"valueRequired\":true,\"valueName\":\"search_term_string\"}}],\"inLanguage\":\"en-GB\"},{\"@type\":\"Organization\",\"@id\":\"https:\\\/\\\/www.pfccostadelsol.com\\\/#organization\",\"name\":\"PFC Costa del Sol\",\"url\":\"https:\\\/\\\/www.pfccostadelsol.com\\\/\",\"logo\":{\"@type\":\"ImageObject\",\"inLanguage\":\"en-GB\",\"@id\":\"https:\\\/\\\/www.pfccostadelsol.com\\\/#\\\/schema\\\/logo\\\/image\\\/\",\"url\":\"https:\\\/\\\/www.pfccostadelsol.com\\\/wp-content\\\/uploads\\\/2024\\\/06\\\/Logo-PFC-Costa-del-Sol-blanco.png\",\"contentUrl\":\"https:\\\/\\\/www.pfccostadelsol.com\\\/wp-content\\\/uploads\\\/2024\\\/06\\\/Logo-PFC-Costa-del-Sol-blanco.png\",\"width\":960,\"height\":540,\"caption\":\"PFC Costa del Sol\"},\"image\":{\"@id\":\"https:\\\/\\\/www.pfccostadelsol.com\\\/#\\\/schema\\\/logo\\\/image\\\/\"}}]}<\/script>\n<!-- \/ Yoast SEO plugin. -->","yoast_head_json":{"title":"Contacto - PFC Costa del Sol","robots":{"index":"index","follow":"follow","max-snippet":"max-snippet:-1","max-image-preview":"max-image-preview:large","max-video-preview":"max-video-preview:-1"},"canonical":"https:\/\/www.pfccostadelsol.com\/en\/contacto\/","og_locale":"en_GB","og_type":"article","og_title":"Contacto - PFC Costa del Sol","og_description":"CONTACTo Contacto. OficinaCarretera C\u00e1rtama-Co\u00edn KM 3,5, C\u00e1rtama, M\u00e1laga29602 C\u00e1rtama, M\u00e1laga.","og_url":"https:\/\/www.pfccostadelsol.com\/en\/contacto\/","og_site_name":"PFC Costa del Sol","article_modified_time":"2026-04-23T23:26:00+00:00","twitter_card":"summary_large_image","twitter_misc":{"Estimated reading time":"1 minute"},"schema":{"@context":"https:\/\/schema.org","@graph":[{"@type":"WebPage","@id":"https:\/\/www.pfccostadelsol.com\/contacto\/","url":"https:\/\/www.pfccostadelsol.com\/contacto\/","name":"Contacto - PFC Costa del Sol","isPartOf":{"@id":"https:\/\/www.pfccostadelsol.com\/#website"},"datePublished":"2024-06-13T12:11:47+00:00","dateModified":"2026-04-23T23:26:00+00:00","breadcrumb":{"@id":"https:\/\/www.pfccostadelsol.com\/contacto\/#breadcrumb"},"inLanguage":"en-GB","potentialAction":[{"@type":"ReadAction","target":["https:\/\/www.pfccostadelsol.com\/contacto\/"]}]},{"@type":"BreadcrumbList","@id":"https:\/\/www.pfccostadelsol.com\/contacto\/#breadcrumb","itemListElement":[{"@type":"ListItem","position":1,"name":"Portada","item":"https:\/\/www.pfccostadelsol.com\/"},{"@type":"ListItem","position":2,"name":"Contacto"}]},{"@type":"WebSite","@id":"https:\/\/www.pfccostadelsol.com\/#website","url":"https:\/\/www.pfccostadelsol.com\/","name":"PFC Costa del Sol","description":"El mejor f\u00fatbol en la Costa del Sol","publisher":{"@id":"https:\/\/www.pfccostadelsol.com\/#organization"},"potentialAction":[{"@type":"SearchAction","target":{"@type":"EntryPoint","urlTemplate":"https:\/\/www.pfccostadelsol.com\/?s={search_term_string}"},"query-input":{"@type":"PropertyValueSpecification","valueRequired":true,"valueName":"search_term_string"}}],"inLanguage":"en-GB"},{"@type":"Organization","@id":"https:\/\/www.pfccostadelsol.com\/#organization","name":"PFC Costa del Sol","url":"https:\/\/www.pfccostadelsol.com\/","logo":{"@type":"ImageObject","inLanguage":"en-GB","@id":"https:\/\/www.pfccostadelsol.com\/#\/schema\/logo\/image\/","url":"https:\/\/www.pfccostadelsol.com\/wp-content\/uploads\/2024\/06\/Logo-PFC-Costa-del-Sol-blanco.png","contentUrl":"https:\/\/www.pfccostadelsol.com\/wp-content\/uploads\/2024\/06\/Logo-PFC-Costa-del-Sol-blanco.png","width":960,"height":540,"caption":"PFC Costa del Sol"},"image":{"@id":"https:\/\/www.pfccostadelsol.com\/#\/schema\/logo\/image\/"}}]}},"_links":{"self":[{"href":"https:\/\/www.pfccostadelsol.com\/en\/wp-json\/wp\/v2\/pages\/420","targetHints":{"allow":["GET"]}}],"collection":[{"href":"https:\/\/www.pfccostadelsol.com\/en\/wp-json\/wp\/v2\/pages"}],"about":[{"href":"https:\/\/www.pfccostadelsol.com\/en\/wp-json\/wp\/v2\/types\/page"}],"author":[{"embeddable":true,"href":"https:\/\/www.pfccostadelsol.com\/en\/wp-json\/wp\/v2\/users\/2"}],"replies":[{"embeddable":true,"href":"https:\/\/www.pfccostadelsol.com\/en\/wp-json\/wp\/v2\/comments?post=420"}],"version-history":[{"count":144,"href":"https:\/\/www.pfccostadelsol.com\/en\/wp-json\/wp\/v2\/pages\/420\/revisions"}],"predecessor-version":[{"id":11342,"href":"https:\/\/www.pfccostadelsol.com\/en\/wp-json\/wp\/v2\/pages\/420\/revisions\/11342"}],"wp:attachment":[{"href":"https:\/\/www.pfccostadelsol.com\/en\/wp-json\/wp\/v2\/media?parent=420"}],"curies":[{"name":"wp","href":"https:\/\/api.w.org\/{rel}","templated":true}]}}