{"id":1583,"date":"2024-07-27T16:34:20","date_gmt":"2024-07-27T14:34:20","guid":{"rendered":"https:\/\/www.pfccostadelsol.com\/?page_id=1583"},"modified":"2024-07-27T18:20:55","modified_gmt":"2024-07-27T16:20:55","slug":"politica-de-privacidad","status":"publish","type":"page","link":"https:\/\/www.pfccostadelsol.com\/en\/politica-de-privacidad\/","title":{"rendered":"Pol\u00edtica de Privacidad"},"content":{"rendered":"<div data-elementor-type=\"wp-page\" data-elementor-id=\"1583\" class=\"elementor elementor-1583\" data-elementor-post-type=\"page\">\n\t\t\t\t<div class=\"elementor-element elementor-element-a826468 e-flex e-con-boxed e-con e-parent\" data-id=\"a826468\" data-element_type=\"container\" data-e-type=\"container\" data-settings=\"{&quot;background_background&quot;:&quot;classic&quot;}\">\n\t\t\t\t\t<div class=\"e-con-inner\">\n\t\t\t\t<div class=\"elementor-element elementor-element-491e9b7 elementor-widget elementor-widget-spacer\" data-id=\"491e9b7\" data-element_type=\"widget\" data-e-type=\"widget\" data-widget_type=\"spacer.default\">\n\t\t\t\t<div class=\"elementor-widget-container\">\n\t\t\t\t\t\t\t<div class=\"elementor-spacer\">\n\t\t\t<div class=\"elementor-spacer-inner\"><\/div>\n\t\t<\/div>\n\t\t\t\t\t\t<\/div>\n\t\t\t\t<\/div>\n\t\t\t\t<div class=\"elementor-element elementor-element-5a04143 elementor-widget elementor-widget-heading\" data-id=\"5a04143\" data-element_type=\"widget\" data-e-type=\"widget\" data-widget_type=\"heading.default\">\n\t\t\t\t<div class=\"elementor-widget-container\">\n\t\t\t\t\t<h2 class=\"elementor-heading-title elementor-size-default\">POL\u00cdTICA PRIVACIDAD DE VALOR EVOLUTION SL<\/h2>\t\t\t\t<\/div>\n\t\t\t\t<\/div>\n\t\t\t\t<div class=\"elementor-element elementor-element-d7df2d3 elementor-widget elementor-widget-text-editor\" data-id=\"d7df2d3\" data-element_type=\"widget\" data-e-type=\"widget\" data-widget_type=\"text-editor.default\">\n\t\t\t\t<div class=\"elementor-widget-container\">\n\t\t\t\t\t\t\t\t\t<p><b>\u00bfQUI\u00c9N ES EL RESPONSABLE DEL TRATAMIENTO DE SUS DATOS?<\/b><\/p>\n<p>La entidad responsable del tratamiento de los datos es VALOR EVOLUTION S.L., con NIF n\u00famero B44519965. Los datos de contacto del responsable del tratamiento son los siguientes:<\/p>\n<ul>\n<li>Direcci\u00f3n postal: C\/ Bernat Artola, n\u00ba 7. C.P. 12530 Burriana (Castell\u00f3n).<\/li>\n<li>Tel\u00e9fono: 622694208.<\/li>\n<li>Correo electr\u00f3nico: <a href=\"mailto:info@profutcamps.com\">info@profutcamps.com<\/a>.<\/li>\n<\/ul>\n<p><span style=\"text-align: var(--text-align); font-size: 1rem;\">\u00a0<\/span><\/p>\n<p><span style=\"text-align: var(--text-align); font-size: 1rem;\">Se informa al interesado que podr\u00e1 comunicar a la entidad VALOR EVOLUTION, S.L. cualquier cuesti\u00f3n relativa al tratamiento de sus datos personales, a trav\u00e9s del correo electr\u00f3nico: <\/span><a style=\"text-align: var(--text-align); font-size: 1rem;\" href=\"mailto:info@profutcamps.com\">info@profutcamps.com<\/a><span style=\"text-align: var(--text-align); font-size: 1rem;\">, o a trav\u00e9s de la\u00a0direcci\u00f3n postal indicada.<\/span><\/p>\n<p><b>\u00bfQU\u00c9 TIPO DE INFORMACI\u00d3N PERSONAL RECOPILA?<\/b><\/p>\n<p>VALOR EVOLUTION, S.L. puede recopilar la siguiente informaci\u00f3n personal de los usuarios: nombre, direcci\u00f3n de correo electr\u00f3nico, direcci\u00f3n postal, n\u00famero de tel\u00e9fono, fecha de nacimiento, nacionalidad, cuenta bancaria, o tarjeta de cr\u00e9dito.<\/p>\n<p>Todos los datos personales que recopila VALOR EVOLUTION, S.L. proceden del interesado, salvo los datos de menores que solo podr\u00e1n ser facilitados por su tutores legales.<\/p>\n<p><b>\u00bfCON QU\u00c9 FINALIDAD TRATAMOS LOS DATOS PERSONALES?<\/b><\/p>\n<p>Los datos personales del interesado ser\u00e1n tratados con la finalidad de mantener una relaci\u00f3n comercial con el Usuario. Las operaciones previstas para realizar el tratamiento:<\/p>\n<ul>\n<li>Remisi\u00f3n de comunicaciones comerciales publicitarias por email, fax, SMS, MMS, comunidades sociales o cualquier otro medio electr\u00f3nico o f\u00edsico, presente o futuro, que posibilite realizar comunicaciones comerciales. Estas comunicaciones ser\u00e1n realizadas por VALOR EVOLUTION, S.L. y relacionadas sobre sus productos y servicios, o de sus colaboradores o proveedores con los que \u00e9ste haya alcanzado alg\u00fan acuerdo de promoci\u00f3n. En este caso, los terceros nunca tendr\u00e1n acceso a los datos personales.<\/li>\n<li>Realizar estudios estad\u00edsticos.<\/li>\n<li>Tramitar encargos, solicitudes o cualquier tipo de petici\u00f3n que sea realizada por el usuario a trav\u00e9s de cualquiera de las formas de contacto que se ponen a su disposici\u00f3n.<\/li>\n<li>Remitir el bolet\u00edn de noticias de la p\u00e1gina web en caso de publicarse.<\/li>\n<li>Responder al ejercicio de los derechos de acceso, rectificaci\u00f3n, cancelaci\u00f3n, oposici\u00f3n, portabilidad, limitaci\u00f3n, transparencia y\/o supresi\u00f3n u olvido (ARCO+), as\u00ed como a consultas y reclamaciones.<\/li>\n<li>Gesti\u00f3n y emisi\u00f3n de documentos acreditativos de las actividades y servicios solicitados.<\/li>\n<\/ul>\n<div>\u00a0<\/div>\n<p><b>\u00bfPOR CU\u00c1NTO TIEMPO CONSERVAREMOS LOS DATOS?<\/b><\/p>\n<p>VALOR EVOLUTION, S.L. guardar\u00e1 los datos personales solo durante el per\u00edodo de tiempo que sea razonablemente necesario teniendo en cuenta las necesidades de dar respuesta a cuestiones que se planteen o resolver problemas, realizar mejoras, activar sus servicios y cumplir los requisitos que exija la legislaci\u00f3n aplicable.<\/p>\n<p><b>\u00bfQU\u00c9 NOS LEGITIMA PARA TRATAR LOS DATOS?<\/b><\/p>\n<p>VALOR EVOLUTION, S.L. tiene las siguientes bases leg\u00edtimas para poder tratar los datos personales:<\/p>\n<p><b>Ejecuci\u00f3n del contrato<br \/><\/b>La base legal del tratamiento de los datos personales del interesado que se recogen es la ejecuci\u00f3n del contrato de compraventa y\/o prestaci\u00f3n de servicios requerido por el interesado. En este sentido, el interesado est\u00e1 obligado a facilitar los datos que sean necesarios para su ejecuci\u00f3n. En caso de no facilitarnos estos datos no ser\u00e1 posible la ejecuci\u00f3n del contrato.<\/p>\n<p><b>Obligaciones legales<br \/><\/b>La gesti\u00f3n y emisi\u00f3n de las facturas o documentos contractuales se basan en la obligaci\u00f3n legal de VALOR EVOLUTION, S.L. en su relaci\u00f3n con los clientes.<\/p>\n<p><b>Consentimiento<br \/><\/b>En relaci\u00f3n con las siguientes finalidades la base legal del tratamiento de los datos personales del interesado ser\u00e1 el consentimiento del mismo, en caso de haber sido prestado:<\/p>\n<ul>\n<li>Gesti\u00f3n del env\u00edo de informaci\u00f3n sobre servicios, eventos, actividades y novedades.<\/li>\n<li>Respuesta al ejercicio de derechos de acceso, de rectificaci\u00f3n, de cancelaci\u00f3n, de oposici\u00f3n, portabilidad, limitaci\u00f3n del tratamiento de sus datos, consultas y reclamaciones por parte del interesado.<\/li>\n<li>Gesti\u00f3n y emisi\u00f3n de los documentos acreditativos de los servicios solicitados a la entidad.<\/li>\n<li>Gesti\u00f3n de Contactos en la WEB<\/li>\n<li>Gesti\u00f3n de promoci\u00f3n y publicidad de la actividad<\/li>\n<li>Gesti\u00f3n Newsletters.<\/li>\n<\/ul>\n<p>La retirada del consentimiento de estos tratamientos por parte del interesado no condicionar\u00e1 la ejecuci\u00f3n del contrato celebrado entre \u00e9ste y VALOR EVOLUTION, S.L.<\/p>\n<p><b>Inter\u00e9s leg\u00edtimo<br \/><\/b>En relaci\u00f3n con las siguientes finalidades la base legal del tratamiento de los datos personales del interesado ser\u00e1 el inter\u00e9s leg\u00edtimo de VALOR EVOLUTION, S.L.<\/p>\n<p>La prestaci\u00f3n del servicio en el que est\u00e9 interesado que sea objeto de la actividad de la empresa VALOR EVOLUTION, S.L. pudiendo solicitarle informaci\u00f3n al respecto del servicio prestado para ampliar y\/o mejorar la calidad del servicio ofrecido.<\/p>\n<p>Nuestro inter\u00e9s leg\u00edtimo consiste en poder garantizar que nuestra WEB permanece segura, as\u00ed como para ayudar a VALOR EVOLUTION, S.L. a comprender las necesidades, expectativas y el nivel de satisfacci\u00f3n de los usuarios y, por lo tanto, mejorar los servicios, productos y marcas. Todas estas acciones se realizan con el fin de mejorar el nivel de satisfacci\u00f3n del cliente y asegurar una experiencia \u00fanica de navegaci\u00f3n y compra.<\/p>\n<p><b>\u00bfA QU\u00c9 DESTINATARIOS PODEMOS COMUNICAR LOS DATOS?<\/b><\/p>\n<p>Los datos personales del interesado podr\u00e1n ser cedidos\/comunicados a los siguientes destinatarios:<\/p>\n<ul>\n<li>Administraciones y Organismos P\u00fablicos cuando as\u00ed lo exija la normativa fiscal, laboral, de Seguridad Social o cualquier otra aplicable.<\/li>\n<li>Empresas con las que la entidad conjuntamente organice, gestione o desarrolle la actividad o el evento deportivo.<\/li>\n<li>Empresas encargadas del tratamiento de datos: asesor\u00eda fiscal, contable, .. siempre que resulte necesario para cumplir con la tramitaci\u00f3n y gesti\u00f3n inherentes a las obligaciones legales de la empresa.<\/li>\n<\/ul>\n<p>No se producir\u00e1n transferencias internacionales de datos salvo obligaci\u00f3n legal. En todo caso, los terceros con los cuales se compartan determinados datos de car\u00e1cter personal habr\u00e1n acreditado con car\u00e1cter previo la adopci\u00f3n de medidas t\u00e9cnicas y organizativas adecuadas para la correcta protecci\u00f3n de los mismos.<\/p>\n<p><b>\u00bfC\u00d3MO PROTEGEMOS LOS DATOS PERSONALES?<\/b><\/p>\n<p>La WEB utiliza t\u00e9cnicas de seguridad de la informaci\u00f3n tales como firewalls, procedimientos de control de acceso y mecanismos criptogr\u00e1ficos, todo ello con el objetivo de evitar el acceso no autorizado a los datos y garantizar la confidencialidad de los mismos. Para lograr estos fines, el usuario acepta que VALOR EVOLUTION, S.L. obtenga datos a efectos de la correspondiente autenticaci\u00f3n de los controles de acceso.<\/p>\n<p>VALOR EVOLUTION, S.L. manifiesta que ha adoptado todas las medidas t\u00e9cnicas y de organizaci\u00f3n que resulten necesarias, para garantizar la seguridad e integridad de los datos de car\u00e1cter personal que trate, as\u00ed como para evitar su p\u00e9rdida, alteraci\u00f3n y\/o acceso por parte de terceros no autorizados.<\/p>\n<p><b>\u00bfCU\u00c1LES SON SUS DERECHOS EN RELACI\u00d3N CON LOS DATOS PERSONALES?<\/b><\/p>\n<p>Le corresponden los siguientes derechos que pueden ser ejercitados a trav\u00e9s de la direcci\u00f3n de correo electr\u00f3nico <a href=\"mailto:info@profutcamps.com\">info@profutcamps.com<\/a>. Puede obtener m\u00e1s informaci\u00f3n en la Pol\u00edtica de Privacidad de nuestra web <a href=\"https:\/\/www.profutcamps.com\/\">https:\/\/www.profutcamps.com<\/a>. Para tramitar la solicitud que nos requiera, podemos pedirle que acredite su identidad al objeto de realizar el tr\u00e1mite interesado.<\/p>\n<table>\n<tbody>\n<tr>\n<td>\n<p><b>Derecho de acceso<\/b><\/p>\n<\/td>\n<td>\n<p>Tiene derecho a obtener confirmaci\u00f3n sobre si en VALOR EVOLUTION, S.L. tratamos datos personales que le conciernen o no, as\u00ed como a acceder a todos los datos personales que VALOR EVOLUTION, S.L. disponga de usted.<\/p>\n<\/td>\n<\/tr>\n<tr>\n<td>\n<p><b>Derecho de rectificaci\u00f3n<\/b><\/p>\n<\/td>\n<td>\n<p>Tiene derecho a solicitar que VALOR EVOLUTION, S.L. rectifique los datos personales cuando sean inexactos o que se completen cuando sean incompletos. Si est\u00e1 registrado en nuestra WEB, puede corregirlos directamente usted mediante la modificaci\u00f3n del perfil.<\/p>\n<\/td>\n<\/tr>\n<tr>\n<td>\n<p><b>Derecho de supresi\u00f3n\/derecho al olvido<\/b><\/p>\n<\/td>\n<td>\n<p>Puede solicitarnos que los datos personales sean suprimidos cuando, entre otros motivos, los datos ya no sean necesarios para los fines que fueron recogidos.<\/p>\n<\/td>\n<\/tr>\n<tr>\n<td>\n<p><b>Derecho de limitaci\u00f3n<\/b><\/p>\n<\/td>\n<td>\n<p>Tiene derecho a solicitar la limitaci\u00f3n del tratamiento de los datos, en cuyo caso \u00fanicamente los conservaremos para el ejercicio o defensa de reclamaciones.<\/p>\n<\/td>\n<\/tr>\n<tr>\n<td>\n<p><b>Derecho de portabilidad<\/b><\/p>\n<\/td>\n<td>\n<p>Tiene derecho a recibir los datos personales en un formato estructurado, de uso com\u00fan y lectura mec\u00e1nica, y a transmitirlos a otro responsable cuando el tratamiento se base en el consentimiento o en un contrato, y se efect\u00fae por medios automatizados.<\/p>\n<\/td>\n<\/tr>\n<tr>\n<td>\n<p><b>Derecho de oposici\u00f3n<\/b><\/p>\n<\/td>\n<td>\n<p>Puede oponerse a que los datos personales sean objeto de un tratamiento basado en el inter\u00e9s p\u00fablico o leg\u00edtimo perseguido por VALOR EVOLUTION, S.L. En tal caso, la citada entidad dejar\u00e1 de tratar los datos, salvo por motivos leg\u00edtimos imperiosos o el ejercicio o defensa de posibles reclamaciones.<\/p>\n<\/td>\n<\/tr>\n<tr>\n<td>\n<p><b>Decisiones individuales automatizadas<\/b><\/p>\n<\/td>\n<td>\n<p>Tiene derecho a no ser objeto de una decisi\u00f3n basada \u00fanicamente en el tratamiento automatizado, incluida la elaboraci\u00f3n de perfiles, que produzca efectos jur\u00eddicos sobre usted o le afecte significativamente de modo similar. Sin embargo, no resultar\u00e1 posible ejercitar tal derecho en caso de que la decisi\u00f3n sea necesaria para la celebraci\u00f3n o ejecuci\u00f3n de un contrato entre usted y VALOR EVOLUTION, S.L.; o est\u00e9 autorizada por el derecho aplicable a la responsable del tratamiento siempre que establezca medidas adecuadas para salvaguardar sus derechos, libertades e intereses leg\u00edtimos; o se base en su consentimiento expl\u00edcito.<\/p>\n<\/td>\n<\/tr>\n<tr>\n<td>\n<p><b>Derecho a presentar una reclamaci\u00f3n<\/b><\/p>\n<\/td>\n<td>\n<p>Tiene derecho a presentar una reclamaci\u00f3n ante la Agencia Espa\u00f1ola de Protecci\u00f3n de Datos.<\/p>\n<\/td>\n<\/tr>\n<\/tbody>\n<\/table>\n<h2>\u00a0<\/h2>\t\t\t\t\t\t\t\t<\/div>\n\t\t\t\t<\/div>\n\t\t\t\t\t<\/div>\n\t\t\t\t<\/div>\n\t\t\t\t<\/div>","protected":false},"excerpt":{"rendered":"<p>POL\u00cdTICA PRIVACIDAD DE VALOR EVOLUTION SL \u00bfQUI\u00c9N ES EL RESPONSABLE DEL TRATAMIENTO DE SUS DATOS? La entidad responsable del tratamiento de los datos es VALOR EVOLUTION S.L., con NIF n\u00famero B44519965. Los datos de contacto del responsable del tratamiento son los siguientes: Direcci\u00f3n postal: C\/ Bernat Artola, n\u00ba 7. C.P. 12530 Burriana (Castell\u00f3n). Tel\u00e9fono: 622694208. [&hellip;]<\/p>\n","protected":false},"author":2,"featured_media":0,"parent":0,"menu_order":0,"comment_status":"closed","ping_status":"closed","template":"","meta":{"footnotes":""},"class_list":["post-1583","page","type-page","status-publish","hentry"],"yoast_head":"<!-- This site is optimized with the Yoast SEO plugin v27.4 - https:\/\/yoast.com\/product\/yoast-seo-wordpress\/ -->\n<title>Pol\u00edtica de Privacidad - PFC Costa del Sol<\/title>\n<meta name=\"robots\" content=\"index, follow, max-snippet:-1, max-image-preview:large, max-video-preview:-1\" \/>\n<link rel=\"canonical\" href=\"https:\/\/www.pfccostadelsol.com\/en\/politica-de-privacidad\/\" \/>\n<meta property=\"og:locale\" content=\"en_GB\" \/>\n<meta property=\"og:type\" content=\"article\" \/>\n<meta property=\"og:title\" content=\"Pol\u00edtica de Privacidad - PFC Costa del Sol\" \/>\n<meta property=\"og:description\" content=\"POL\u00cdTICA PRIVACIDAD DE VALOR EVOLUTION SL \u00bfQUI\u00c9N ES EL RESPONSABLE DEL TRATAMIENTO DE SUS DATOS? La entidad responsable del tratamiento de los datos es VALOR EVOLUTION S.L., con NIF n\u00famero B44519965. Los datos de contacto del responsable del tratamiento son los siguientes: Direcci\u00f3n postal: C\/ Bernat Artola, n\u00ba 7. C.P. 12530 Burriana (Castell\u00f3n). Tel\u00e9fono: 622694208. [&hellip;]\" \/>\n<meta property=\"og:url\" content=\"https:\/\/www.pfccostadelsol.com\/en\/politica-de-privacidad\/\" \/>\n<meta property=\"og:site_name\" content=\"PFC Costa del Sol\" \/>\n<meta property=\"article:modified_time\" content=\"2024-07-27T16:20:55+00:00\" \/>\n<meta name=\"twitter:card\" content=\"summary_large_image\" \/>\n<meta name=\"twitter:label1\" content=\"Estimated reading time\" \/>\n\t<meta name=\"twitter:data1\" content=\"8 minutes\" \/>\n<script type=\"application\/ld+json\" class=\"yoast-schema-graph\">{\"@context\":\"https:\\\/\\\/schema.org\",\"@graph\":[{\"@type\":\"WebPage\",\"@id\":\"https:\\\/\\\/www.pfccostadelsol.com\\\/politica-de-privacidad\\\/\",\"url\":\"https:\\\/\\\/www.pfccostadelsol.com\\\/politica-de-privacidad\\\/\",\"name\":\"Pol\u00edtica de Privacidad - PFC Costa del Sol\",\"isPartOf\":{\"@id\":\"https:\\\/\\\/www.pfccostadelsol.com\\\/#website\"},\"datePublished\":\"2024-07-27T14:34:20+00:00\",\"dateModified\":\"2024-07-27T16:20:55+00:00\",\"breadcrumb\":{\"@id\":\"https:\\\/\\\/www.pfccostadelsol.com\\\/politica-de-privacidad\\\/#breadcrumb\"},\"inLanguage\":\"en-GB\",\"potentialAction\":[{\"@type\":\"ReadAction\",\"target\":[\"https:\\\/\\\/www.pfccostadelsol.com\\\/politica-de-privacidad\\\/\"]}]},{\"@type\":\"BreadcrumbList\",\"@id\":\"https:\\\/\\\/www.pfccostadelsol.com\\\/politica-de-privacidad\\\/#breadcrumb\",\"itemListElement\":[{\"@type\":\"ListItem\",\"position\":1,\"name\":\"Portada\",\"item\":\"https:\\\/\\\/www.pfccostadelsol.com\\\/\"},{\"@type\":\"ListItem\",\"position\":2,\"name\":\"Pol\u00edtica de Privacidad\"}]},{\"@type\":\"WebSite\",\"@id\":\"https:\\\/\\\/www.pfccostadelsol.com\\\/#website\",\"url\":\"https:\\\/\\\/www.pfccostadelsol.com\\\/\",\"name\":\"PFC Costa del Sol\",\"description\":\"El mejor f\u00fatbol en la Costa del Sol\",\"publisher\":{\"@id\":\"https:\\\/\\\/www.pfccostadelsol.com\\\/#organization\"},\"potentialAction\":[{\"@type\":\"SearchAction\",\"target\":{\"@type\":\"EntryPoint\",\"urlTemplate\":\"https:\\\/\\\/www.pfccostadelsol.com\\\/?s={search_term_string}\"},\"query-input\":{\"@type\":\"PropertyValueSpecification\",\"valueRequired\":true,\"valueName\":\"search_term_string\"}}],\"inLanguage\":\"en-GB\"},{\"@type\":\"Organization\",\"@id\":\"https:\\\/\\\/www.pfccostadelsol.com\\\/#organization\",\"name\":\"PFC Costa del Sol\",\"url\":\"https:\\\/\\\/www.pfccostadelsol.com\\\/\",\"logo\":{\"@type\":\"ImageObject\",\"inLanguage\":\"en-GB\",\"@id\":\"https:\\\/\\\/www.pfccostadelsol.com\\\/#\\\/schema\\\/logo\\\/image\\\/\",\"url\":\"https:\\\/\\\/www.pfccostadelsol.com\\\/wp-content\\\/uploads\\\/2024\\\/06\\\/Logo-PFC-Costa-del-Sol-blanco.png\",\"contentUrl\":\"https:\\\/\\\/www.pfccostadelsol.com\\\/wp-content\\\/uploads\\\/2024\\\/06\\\/Logo-PFC-Costa-del-Sol-blanco.png\",\"width\":960,\"height\":540,\"caption\":\"PFC Costa del Sol\"},\"image\":{\"@id\":\"https:\\\/\\\/www.pfccostadelsol.com\\\/#\\\/schema\\\/logo\\\/image\\\/\"}}]}<\/script>\n<!-- \/ Yoast SEO plugin. -->","yoast_head_json":{"title":"Pol\u00edtica de Privacidad - PFC Costa del Sol","robots":{"index":"index","follow":"follow","max-snippet":"max-snippet:-1","max-image-preview":"max-image-preview:large","max-video-preview":"max-video-preview:-1"},"canonical":"https:\/\/www.pfccostadelsol.com\/en\/politica-de-privacidad\/","og_locale":"en_GB","og_type":"article","og_title":"Pol\u00edtica de Privacidad - PFC Costa del Sol","og_description":"POL\u00cdTICA PRIVACIDAD DE VALOR EVOLUTION SL \u00bfQUI\u00c9N ES EL RESPONSABLE DEL TRATAMIENTO DE SUS DATOS? La entidad responsable del tratamiento de los datos es VALOR EVOLUTION S.L., con NIF n\u00famero B44519965. Los datos de contacto del responsable del tratamiento son los siguientes: Direcci\u00f3n postal: C\/ Bernat Artola, n\u00ba 7. C.P. 12530 Burriana (Castell\u00f3n). Tel\u00e9fono: 622694208. [&hellip;]","og_url":"https:\/\/www.pfccostadelsol.com\/en\/politica-de-privacidad\/","og_site_name":"PFC Costa del Sol","article_modified_time":"2024-07-27T16:20:55+00:00","twitter_card":"summary_large_image","twitter_misc":{"Estimated reading time":"8 minutes"},"schema":{"@context":"https:\/\/schema.org","@graph":[{"@type":"WebPage","@id":"https:\/\/www.pfccostadelsol.com\/politica-de-privacidad\/","url":"https:\/\/www.pfccostadelsol.com\/politica-de-privacidad\/","name":"Pol\u00edtica de Privacidad - PFC Costa del Sol","isPartOf":{"@id":"https:\/\/www.pfccostadelsol.com\/#website"},"datePublished":"2024-07-27T14:34:20+00:00","dateModified":"2024-07-27T16:20:55+00:00","breadcrumb":{"@id":"https:\/\/www.pfccostadelsol.com\/politica-de-privacidad\/#breadcrumb"},"inLanguage":"en-GB","potentialAction":[{"@type":"ReadAction","target":["https:\/\/www.pfccostadelsol.com\/politica-de-privacidad\/"]}]},{"@type":"BreadcrumbList","@id":"https:\/\/www.pfccostadelsol.com\/politica-de-privacidad\/#breadcrumb","itemListElement":[{"@type":"ListItem","position":1,"name":"Portada","item":"https:\/\/www.pfccostadelsol.com\/"},{"@type":"ListItem","position":2,"name":"Pol\u00edtica de Privacidad"}]},{"@type":"WebSite","@id":"https:\/\/www.pfccostadelsol.com\/#website","url":"https:\/\/www.pfccostadelsol.com\/","name":"PFC Costa del Sol","description":"El mejor f\u00fatbol en la Costa del Sol","publisher":{"@id":"https:\/\/www.pfccostadelsol.com\/#organization"},"potentialAction":[{"@type":"SearchAction","target":{"@type":"EntryPoint","urlTemplate":"https:\/\/www.pfccostadelsol.com\/?s={search_term_string}"},"query-input":{"@type":"PropertyValueSpecification","valueRequired":true,"valueName":"search_term_string"}}],"inLanguage":"en-GB"},{"@type":"Organization","@id":"https:\/\/www.pfccostadelsol.com\/#organization","name":"PFC Costa del Sol","url":"https:\/\/www.pfccostadelsol.com\/","logo":{"@type":"ImageObject","inLanguage":"en-GB","@id":"https:\/\/www.pfccostadelsol.com\/#\/schema\/logo\/image\/","url":"https:\/\/www.pfccostadelsol.com\/wp-content\/uploads\/2024\/06\/Logo-PFC-Costa-del-Sol-blanco.png","contentUrl":"https:\/\/www.pfccostadelsol.com\/wp-content\/uploads\/2024\/06\/Logo-PFC-Costa-del-Sol-blanco.png","width":960,"height":540,"caption":"PFC Costa del Sol"},"image":{"@id":"https:\/\/www.pfccostadelsol.com\/#\/schema\/logo\/image\/"}}]}},"_links":{"self":[{"href":"https:\/\/www.pfccostadelsol.com\/en\/wp-json\/wp\/v2\/pages\/1583","targetHints":{"allow":["GET"]}}],"collection":[{"href":"https:\/\/www.pfccostadelsol.com\/en\/wp-json\/wp\/v2\/pages"}],"about":[{"href":"https:\/\/www.pfccostadelsol.com\/en\/wp-json\/wp\/v2\/types\/page"}],"author":[{"embeddable":true,"href":"https:\/\/www.pfccostadelsol.com\/en\/wp-json\/wp\/v2\/users\/2"}],"replies":[{"embeddable":true,"href":"https:\/\/www.pfccostadelsol.com\/en\/wp-json\/wp\/v2\/comments?post=1583"}],"version-history":[{"count":16,"href":"https:\/\/www.pfccostadelsol.com\/en\/wp-json\/wp\/v2\/pages\/1583\/revisions"}],"predecessor-version":[{"id":1620,"href":"https:\/\/www.pfccostadelsol.com\/en\/wp-json\/wp\/v2\/pages\/1583\/revisions\/1620"}],"wp:attachment":[{"href":"https:\/\/www.pfccostadelsol.com\/en\/wp-json\/wp\/v2\/media?parent=1583"}],"curies":[{"name":"wp","href":"https:\/\/api.w.org\/{rel}","templated":true}]}}